{"id":452,"date":"2025-04-26T09:46:54","date_gmt":"2025-04-26T09:46:54","guid":{"rendered":"https:\/\/wroclawbybike.pl\/contact\/"},"modified":"2025-04-26T09:46:54","modified_gmt":"2025-04-26T09:46:54","slug":"contact","status":"publish","type":"page","link":"https:\/\/wroclawbybike.pl\/en\/contact\/","title":{"rendered":"Contact"},"content":{"rendered":"<div class=\"secTitle\">\n<h2>Information and&nbsp;guidance<\/h2>\n<\/div>\n<p>The gathering point for&nbsp;participants of&nbsp;the&nbsp;Wroclaw by&nbsp;Bike tours is \u015awiebodzki Station, 20B Orl\u0105t Lwowskich Square. Standing in&nbsp;front of&nbsp;the&nbsp;\u015awiebodzki Station, you will notice our neon signs glowing on&nbsp;its right side. Follow them.    <\/p>\n<p><strong>How to&nbsp;get to&nbsp;us?<\/strong><br \/>\nWroc\u0142aw Market Square &#8211; 10\/15 minute walk through Solny Square, Quarter of&nbsp;Four Confessions and&nbsp;Radio Tr\u00f3jka Footbridge.<br \/>\nPl. Jana Paw\u0142a II &#8211; 5 minute walk along Podwale Street<br \/>\nTrams &#8211; lines stop right next to&nbsp;us: 14, 15, 19, 20, 21, 22, 23<br \/>\nBuses &#8211; lines: 106, 122, 127, 144, 148, 149   <\/p>\n<p><strong>Practical Tip<\/strong><br \/>\nOpen the&nbsp;Google Maps app and&nbsp;type in&nbsp;\u201cWroclaw by&nbsp;Bike,\u201d then click on&nbsp;the&nbsp;route and&nbsp;follow Google&#8217;s directions.<br \/>\nYou can also use our coordinates by&nbsp;copying them into&nbsp;the&nbsp;Google Maps app: 51.10821684890485, 17.019903094553737.<\/p>\n<h3>Write to&nbsp;us<\/h3>\n<p class=\"wpcf7-contact-form-not-found\"><strong>Error:<\/strong> Contact form not found.<\/p>\n","protected":false},"excerpt":{"rendered":"<p>Information and&nbsp;guidance The gathering point for&nbsp;participants of&nbsp;the&nbsp;Wroclaw by&nbsp;Bike tours is \u015awiebodzki Station, 20B Orl\u0105t Lwowskich Square. Standing in&nbsp;front of&nbsp;the&nbsp;\u015awiebodzki Station, you will notice our neon signs glowing on&nbsp;its right side. Follow them. How to&nbsp;get to&nbsp;us? Wroc\u0142aw Market Square &#8211; 10\/15 minute walk through Solny Square, Quarter of&nbsp;Four Confessions and&nbsp;Radio Tr\u00f3jka Footbridge. Pl. Jana Paw\u0142a II [&hellip;]<\/p>\n","protected":false},"author":1,"featured_media":0,"parent":0,"menu_order":0,"comment_status":"closed","ping_status":"closed","template":"page-contact.php","meta":{"_acf_changed":false,"inline_featured_image":false,"footnotes":""},"class_list":["post-452","page","type-page","status-publish","hentry"],"acf":[],"yoast_head":"<!-- This site is optimized with the Yoast SEO plugin v25.8 - https:\/\/yoast.com\/wordpress\/plugins\/seo\/ -->\n<title>Contact - Wroclaw by Bike<\/title>\n<meta name=\"robots\" content=\"index, follow, max-snippet:-1, max-image-preview:large, max-video-preview:-1\" \/>\n<link rel=\"canonical\" href=\"https:\/\/wroclawbybike.pl\/en\/contact\/\" \/>\n<meta property=\"og:locale\" content=\"en_US\" \/>\n<meta property=\"og:type\" content=\"article\" \/>\n<meta property=\"og:title\" content=\"Contact - Wroclaw by Bike\" \/>\n<meta property=\"og:description\" content=\"Information and&nbsp;guidance The gathering point for&nbsp;participants of&nbsp;the&nbsp;Wroclaw by&nbsp;Bike tours is \u015awiebodzki Station, 20B Orl\u0105t Lwowskich Square. Standing in&nbsp;front of&nbsp;the&nbsp;\u015awiebodzki Station, you will notice our neon signs glowing on&nbsp;its right side. Follow them. How to&nbsp;get to&nbsp;us? Wroc\u0142aw Market Square &#8211; 10\/15 minute walk through Solny Square, Quarter of&nbsp;Four Confessions and&nbsp;Radio Tr\u00f3jka Footbridge. Pl. Jana Paw\u0142a II [&hellip;]\" \/>\n<meta property=\"og:url\" content=\"https:\/\/wroclawbybike.pl\/en\/contact\/\" \/>\n<meta property=\"og:site_name\" content=\"Wroclaw by Bike\" \/>\n<meta property=\"article:publisher\" content=\"https:\/\/www.facebook.com\/profile.php?id=61571960147894\" \/>\n<meta property=\"og:image\" content=\"https:\/\/wroclawbybike.pl\/wp-content\/uploads\/2025\/06\/wbb-img.jpg\" \/>\n\t<meta property=\"og:image:width\" content=\"1200\" \/>\n\t<meta property=\"og:image:height\" content=\"675\" \/>\n\t<meta property=\"og:image:type\" content=\"image\/jpeg\" \/>\n<meta name=\"twitter:card\" content=\"summary_large_image\" \/>\n<meta name=\"twitter:label1\" content=\"Est. reading time\" \/>\n\t<meta name=\"twitter:data1\" content=\"1 minute\" \/>\n<script type=\"application\/ld+json\" class=\"yoast-schema-graph\">{\"@context\":\"https:\/\/schema.org\",\"@graph\":[{\"@type\":\"WebPage\",\"@id\":\"https:\/\/wroclawbybike.pl\/en\/contact\/\",\"url\":\"https:\/\/wroclawbybike.pl\/en\/contact\/\",\"name\":\"Contact - Wroclaw by Bike\",\"isPartOf\":{\"@id\":\"https:\/\/wroclawbybike.pl\/en\/#website\"},\"datePublished\":\"2025-04-26T09:46:54+00:00\",\"breadcrumb\":{\"@id\":\"https:\/\/wroclawbybike.pl\/en\/contact\/#breadcrumb\"},\"inLanguage\":\"en-US\",\"potentialAction\":[{\"@type\":\"ReadAction\",\"target\":[\"https:\/\/wroclawbybike.pl\/en\/contact\/\"]}]},{\"@type\":\"BreadcrumbList\",\"@id\":\"https:\/\/wroclawbybike.pl\/en\/contact\/#breadcrumb\",\"itemListElement\":[{\"@type\":\"ListItem\",\"position\":1,\"name\":\"Home\",\"item\":\"https:\/\/wroclawbybike.pl\/en\/\"},{\"@type\":\"ListItem\",\"position\":2,\"name\":\"Contact\"}]},{\"@type\":\"WebSite\",\"@id\":\"https:\/\/wroclawbybike.pl\/en\/#website\",\"url\":\"https:\/\/wroclawbybike.pl\/en\/\",\"name\":\"Wroclaw by Bike\",\"description\":\"\",\"publisher\":{\"@id\":\"https:\/\/wroclawbybike.pl\/en\/#organization\"},\"potentialAction\":[{\"@type\":\"SearchAction\",\"target\":{\"@type\":\"EntryPoint\",\"urlTemplate\":\"https:\/\/wroclawbybike.pl\/en\/?s={search_term_string}\"},\"query-input\":{\"@type\":\"PropertyValueSpecification\",\"valueRequired\":true,\"valueName\":\"search_term_string\"}}],\"inLanguage\":\"en-US\"},{\"@type\":\"Organization\",\"@id\":\"https:\/\/wroclawbybike.pl\/en\/#organization\",\"name\":\"Wroclaw by Bike\",\"url\":\"https:\/\/wroclawbybike.pl\/en\/\",\"logo\":{\"@type\":\"ImageObject\",\"inLanguage\":\"en-US\",\"@id\":\"https:\/\/wroclawbybike.pl\/en\/#\/schema\/logo\/image\/\",\"url\":\"https:\/\/wroclawbybike.pl\/wp-content\/uploads\/2025\/06\/logo-wbb.svg\",\"contentUrl\":\"https:\/\/wroclawbybike.pl\/wp-content\/uploads\/2025\/06\/logo-wbb.svg\",\"width\":104,\"height\":72,\"caption\":\"Wroclaw by Bike\"},\"image\":{\"@id\":\"https:\/\/wroclawbybike.pl\/en\/#\/schema\/logo\/image\/\"},\"sameAs\":[\"https:\/\/www.facebook.com\/profile.php?id=61571960147894\",\"https:\/\/www.instagram.com\/wroclawbybike\/\"]}]}<\/script>\n<!-- \/ Yoast SEO plugin. -->","yoast_head_json":{"title":"Contact - Wroclaw by Bike","robots":{"index":"index","follow":"follow","max-snippet":"max-snippet:-1","max-image-preview":"max-image-preview:large","max-video-preview":"max-video-preview:-1"},"canonical":"https:\/\/wroclawbybike.pl\/en\/contact\/","og_locale":"en_US","og_type":"article","og_title":"Contact - Wroclaw by Bike","og_description":"Information and&nbsp;guidance The gathering point for&nbsp;participants of&nbsp;the&nbsp;Wroclaw by&nbsp;Bike tours is \u015awiebodzki Station, 20B Orl\u0105t Lwowskich Square. Standing in&nbsp;front of&nbsp;the&nbsp;\u015awiebodzki Station, you will notice our neon signs glowing on&nbsp;its right side. Follow them. How to&nbsp;get to&nbsp;us? Wroc\u0142aw Market Square &#8211; 10\/15 minute walk through Solny Square, Quarter of&nbsp;Four Confessions and&nbsp;Radio Tr\u00f3jka Footbridge. Pl. Jana Paw\u0142a II [&hellip;]","og_url":"https:\/\/wroclawbybike.pl\/en\/contact\/","og_site_name":"Wroclaw by Bike","article_publisher":"https:\/\/www.facebook.com\/profile.php?id=61571960147894","og_image":[{"width":1200,"height":675,"url":"https:\/\/wroclawbybike.pl\/wp-content\/uploads\/2025\/06\/wbb-img.jpg","type":"image\/jpeg"}],"twitter_card":"summary_large_image","twitter_misc":{"Est. reading time":"1 minute"},"schema":{"@context":"https:\/\/schema.org","@graph":[{"@type":"WebPage","@id":"https:\/\/wroclawbybike.pl\/en\/contact\/","url":"https:\/\/wroclawbybike.pl\/en\/contact\/","name":"Contact - Wroclaw by Bike","isPartOf":{"@id":"https:\/\/wroclawbybike.pl\/en\/#website"},"datePublished":"2025-04-26T09:46:54+00:00","breadcrumb":{"@id":"https:\/\/wroclawbybike.pl\/en\/contact\/#breadcrumb"},"inLanguage":"en-US","potentialAction":[{"@type":"ReadAction","target":["https:\/\/wroclawbybike.pl\/en\/contact\/"]}]},{"@type":"BreadcrumbList","@id":"https:\/\/wroclawbybike.pl\/en\/contact\/#breadcrumb","itemListElement":[{"@type":"ListItem","position":1,"name":"Home","item":"https:\/\/wroclawbybike.pl\/en\/"},{"@type":"ListItem","position":2,"name":"Contact"}]},{"@type":"WebSite","@id":"https:\/\/wroclawbybike.pl\/en\/#website","url":"https:\/\/wroclawbybike.pl\/en\/","name":"Wroclaw by Bike","description":"","publisher":{"@id":"https:\/\/wroclawbybike.pl\/en\/#organization"},"potentialAction":[{"@type":"SearchAction","target":{"@type":"EntryPoint","urlTemplate":"https:\/\/wroclawbybike.pl\/en\/?s={search_term_string}"},"query-input":{"@type":"PropertyValueSpecification","valueRequired":true,"valueName":"search_term_string"}}],"inLanguage":"en-US"},{"@type":"Organization","@id":"https:\/\/wroclawbybike.pl\/en\/#organization","name":"Wroclaw by Bike","url":"https:\/\/wroclawbybike.pl\/en\/","logo":{"@type":"ImageObject","inLanguage":"en-US","@id":"https:\/\/wroclawbybike.pl\/en\/#\/schema\/logo\/image\/","url":"https:\/\/wroclawbybike.pl\/wp-content\/uploads\/2025\/06\/logo-wbb.svg","contentUrl":"https:\/\/wroclawbybike.pl\/wp-content\/uploads\/2025\/06\/logo-wbb.svg","width":104,"height":72,"caption":"Wroclaw by Bike"},"image":{"@id":"https:\/\/wroclawbybike.pl\/en\/#\/schema\/logo\/image\/"},"sameAs":["https:\/\/www.facebook.com\/profile.php?id=61571960147894","https:\/\/www.instagram.com\/wroclawbybike\/"]}]}},"_links":{"self":[{"href":"https:\/\/wroclawbybike.pl\/en\/wp-json\/wp\/v2\/pages\/452","targetHints":{"allow":["GET"]}}],"collection":[{"href":"https:\/\/wroclawbybike.pl\/en\/wp-json\/wp\/v2\/pages"}],"about":[{"href":"https:\/\/wroclawbybike.pl\/en\/wp-json\/wp\/v2\/types\/page"}],"author":[{"embeddable":true,"href":"https:\/\/wroclawbybike.pl\/en\/wp-json\/wp\/v2\/users\/1"}],"replies":[{"embeddable":true,"href":"https:\/\/wroclawbybike.pl\/en\/wp-json\/wp\/v2\/comments?post=452"}],"version-history":[{"count":0,"href":"https:\/\/wroclawbybike.pl\/en\/wp-json\/wp\/v2\/pages\/452\/revisions"}],"wp:attachment":[{"href":"https:\/\/wroclawbybike.pl\/en\/wp-json\/wp\/v2\/media?parent=452"}],"curies":[{"name":"wp","href":"https:\/\/api.w.org\/{rel}","templated":true}]}}